{"id":10,"date":"2010-12-04T16:00:38","date_gmt":"2010-12-04T14:00:38","guid":{"rendered":"http:\/\/blog.imcmedia.de\/produkte\/"},"modified":"2016-05-19T21:20:08","modified_gmt":"2016-05-19T19:20:08","slug":"produkte","status":"publish","type":"page","link":"https:\/\/www.planetmedia.de\/imcmedia\/produkte\/","title":{"rendered":"Produkte &#038; L\u00f6sungen"},"content":{"rendered":"<p>Alle Programme gibt es sowohl f\u00fcr Mac als auch f\u00fcr Windows. Zu jedem Programm ist auch eine Demo Version erh\u00e4ltlich.<\/p>\n<table  class=\" table table-hover\" >\n<tbody>\n<tr>\n<td><a href=\"http:\/\/www.imcmedia.de\/produkte\/kassenbuch\/\" rel=\"attachment wp-att-334\"><img decoding=\"async\" loading=\"lazy\" class=\"wp-image-334 alignleft\" src=\"http:\/\/www.planetmedia.de\/imcmedia\/wp-content\/uploads\/sites\/2\/2015\/05\/imcKassenbuch_win8-300x213.png\" alt=\"imcKassenbuch_win8\" width=\"400\" height=\"284\" srcset=\"https:\/\/www.planetmedia.de\/imcmedia\/wp-content\/uploads\/sites\/2\/2015\/05\/imcKassenbuch_win8-300x213.png 300w, https:\/\/www.planetmedia.de\/imcmedia\/wp-content\/uploads\/sites\/2\/2015\/05\/imcKassenbuch_win8.png 1022w\" sizes=\"(max-width: 400px) 100vw, 400px\" \/><\/a><\/td>\n<td>\n<h2>imcKassenbuch<\/h2>\n<p>die einfache Verwaltung Ihrer Einnahmen und Ausgaben f\u00fcr Selbstst\u00e4ndige und Freiberufler <a href=\"http:\/\/www.imcmedia.de\/produkte\/kassenbuch\/\">weiterlesen&#8230;<\/a><\/td>\n<\/tr>\n<tr>\n<td><a href=\"http:\/\/www.imcmedia.de\/produkte\/vertragsverwaltung\/\" rel=\"attachment wp-att-343\"><img decoding=\"async\" loading=\"lazy\" class=\"alignleft wp-image-343\" src=\"http:\/\/www.planetmedia.de\/imcmedia\/wp-content\/uploads\/sites\/2\/2015\/05\/imcConnect-300x271.png\" alt=\"imcConnect\" width=\"400\" height=\"361\" srcset=\"https:\/\/www.planetmedia.de\/imcmedia\/wp-content\/uploads\/sites\/2\/2015\/05\/imcConnect-300x271.png 300w, https:\/\/www.planetmedia.de\/imcmedia\/wp-content\/uploads\/sites\/2\/2015\/05\/imcConnect.png 973w\" sizes=\"(max-width: 400px) 100vw, 400px\" \/><\/a><\/td>\n<td>\n<h2>imcConnect<\/h2>\n<p>ist die ideale L\u00f6sung\u00a0f\u00fcr Firmen die Ihre Kundenvertr\u00e4ge\u00a0(wie z.B. Mobilfunkvertr\u00e4ge) effektiv verwalten m\u00f6chten\u00a0<a href=\"http:\/\/www.imcmedia.de\/produkte\/vertragsverwaltung\/\">weiterlesen&#8230;<\/a><\/td>\n<\/tr>\n<\/tbody>\n<\/table>\n","protected":false},"excerpt":{"rendered":"<p>Alle Programme gibt es sowohl f\u00fcr Mac als auch f\u00fcr Windows. Zu jedem Programm ist auch eine Demo Version erh\u00e4ltlich. imcKassenbuch die einfache Verwaltung Ihrer Einnahmen und Ausgaben f\u00fcr Selbstst\u00e4ndige und Freiberufler weiterlesen&#8230; imcConnect ist die ideale L\u00f6sung\u00a0f\u00fcr Firmen die Ihre Kundenvertr\u00e4ge\u00a0(wie z.B. Mobilfunkvertr\u00e4ge) effektiv verwalten m\u00f6chten\u00a0weiterlesen&#8230;<\/p>\n","protected":false},"author":1,"featured_media":0,"parent":0,"menu_order":0,"comment_status":"closed","ping_status":"open","template":"page-fullwidth.php","meta":[],"_links":{"self":[{"href":"https:\/\/www.planetmedia.de\/imcmedia\/wp-json\/wp\/v2\/pages\/10"}],"collection":[{"href":"https:\/\/www.planetmedia.de\/imcmedia\/wp-json\/wp\/v2\/pages"}],"about":[{"href":"https:\/\/www.planetmedia.de\/imcmedia\/wp-json\/wp\/v2\/types\/page"}],"author":[{"embeddable":true,"href":"https:\/\/www.planetmedia.de\/imcmedia\/wp-json\/wp\/v2\/users\/1"}],"replies":[{"embeddable":true,"href":"https:\/\/www.planetmedia.de\/imcmedia\/wp-json\/wp\/v2\/comments?post=10"}],"version-history":[{"count":10,"href":"https:\/\/www.planetmedia.de\/imcmedia\/wp-json\/wp\/v2\/pages\/10\/revisions"}],"predecessor-version":[{"id":435,"href":"https:\/\/www.planetmedia.de\/imcmedia\/wp-json\/wp\/v2\/pages\/10\/revisions\/435"}],"wp:attachment":[{"href":"https:\/\/www.planetmedia.de\/imcmedia\/wp-json\/wp\/v2\/media?parent=10"}],"curies":[{"name":"wp","href":"https:\/\/api.w.org\/{rel}","templated":true}]}}