{"id":11,"date":"2010-12-04T16:00:44","date_gmt":"2010-12-04T14:00:44","guid":{"rendered":"http:\/\/blog.imcmedia.de\/downloads\/"},"modified":"2025-06-07T19:15:57","modified_gmt":"2025-06-07T17:15:57","slug":"downloads","status":"publish","type":"page","link":"https:\/\/www.planetmedia.de\/imcmedia\/service-support\/downloads\/","title":{"rendered":"Downloads"},"content":{"rendered":"<p>Hier finden Sie von mir \u00e4ltere Tools f\u00fcr CAO-Faktura. Die Entwicklung und Support dieser PHP-Anwendungen wurde 2008 eingestellt. Der Download ist kostenlos.<\/p>\n<h2>Dashboard V1.14 f\u00fcr CAO 1.4.x<\/h2>\n<p>Programm zum abrufen von Artikel- und Kundeninformationen im Browser.<\/p>\n<p>Systemvoraussetzungen: CAO-Faktura 1.4, MySql, PHP<\/p>\n<p>Quelle \/ Autor:\u00a0<a href=\"http:\/\/www.imcmedia.de\">www.imcmedia.de<\/a><\/p>\n<p>Download:\u00a0<a href=\"https:\/\/github.com\/woschwarz\/CAO-Dashboard\">https:\/\/github.com\/woschwarz\/CAO-Dashboard<\/a><\/p>\n<h2>CSV-Import V1.05a f\u00fcr CAO-Faktura<\/h2>\n<p>Mit diesem Programm lassen sich CSV-Dateien von eBay und Afterbuy in CAO importieren. Kunden und Rechnungen werden automatisch erstellt. Es findet auch ein Abgleich statt, ob der Kunde bereits existiert.<\/p>\n<p>Systemvoraussetzungen: CAO-Faktura, MySql, PHP<\/p>\n<p>Quelle \/ Autor:\u00a0<a href=\"http:\/\/www.imcmedia.de\">www.imcmedia.de<\/a><\/p>\n<p>Download:\u00a0<a href=\"https:\/\/www.planetmedia.de\/imcmedia\/?ddownload=123\" title=\"cao_csvimport_v105a.zip\" rel=\"nofollow\" class=\"ddownload-link id-123 ext-zip\">cao_csvimport_v105a.zip<\/a><\/p>\n<h2>PIM Import\/Export V0.10 f\u00fcr CAO-Faktura<\/h2>\n<p>Mit diesem Programm lassen sich Termine aus CAO nach Outlook und umgekehrt importieren. Allerdings muss der Benutzer noch etwas Handarbeit leisten. Das Programm erstellt lediglich CSV-Dateien die dann manuell in Outlook importiert werden k\u00f6nnen.<\/p>\n<p>Systemvoraussetzungen: CAO-Faktura, MySql, PHP<\/p>\n<p>Quelle \/ Autor:\u00a0<a href=\"http:\/\/www.imcmedia.de\">www.imcmedia.de<\/a><\/p>\n<p>Download:\u00a0<a href=\"https:\/\/www.planetmedia.de\/imcmedia\/?ddownload=125\" title=\"cao_pim_v010.zip\" rel=\"nofollow\" class=\"ddownload-link id-125 ext-zip\">cao_pim_v010.zip<\/a><\/p>\n<h2>CAO-Xtensions V0.5.7b f\u00fcr CAO 1.4.x<\/h2>\n<p>Mit dem Programm wird CAO auf Browserebene um eine RMA Reparaturabwicklung erweitert. Aber auch Vorg\u00e4nge wie Rechnungen, Angebote lassen sich damit erstellen und k\u00f6nnen in CAO weiterbearbeitet werden. Die urspr\u00fcngliche Homepage des Authors ist seit einigen Jahren nicht mehr erreichbar. Geschrieben wurde es von Megavoid, von mir wurde die Anpassung an die CAO Version 1.4 vorgenommen.<\/p>\n<p>Systemvoraussetzungen: CAO-Faktura, MySQL, PHP<\/p>\n<p>Quelle \/ Autor:\u00a0<a href=\"http:\/\/www.imcmedia.de\">www.imcmedia.de<\/a><\/p>\n<p>Download:\u00a0<a href=\"https:\/\/www.planetmedia.de\/imcmedia\/?ddownload=122\" title=\"caoxt-057b.zip\" rel=\"nofollow\" class=\"ddownload-link id-122 ext-zip\">caoxt-057b.zip<\/a><\/p>\n","protected":false},"excerpt":{"rendered":"<p>Hier finden Sie von mir \u00e4ltere Tools f\u00fcr CAO-Faktura. Die Entwicklung und Support dieser PHP-Anwendungen wurde 2008 eingestellt. Der Download ist kostenlos. Dashboard V1.14 f\u00fcr CAO 1.4.x Programm zum abrufen von Artikel- und Kundeninformationen im Browser. Systemvoraussetzungen: CAO-Faktura 1.4, MySql, PHP Quelle \/ Autor:\u00a0www.imcmedia.de Download:\u00a0https:\/\/github.com\/woschwarz\/CAO-Dashboard CSV-Import V1.05a f\u00fcr CAO-Faktura Mit diesem Programm lassen sich CSV-Dateien [&hellip;]<\/p>\n","protected":false},"author":1,"featured_media":0,"parent":274,"menu_order":0,"comment_status":"closed","ping_status":"open","template":"page-fullwidth.php","meta":[],"_links":{"self":[{"href":"https:\/\/www.planetmedia.de\/imcmedia\/wp-json\/wp\/v2\/pages\/11"}],"collection":[{"href":"https:\/\/www.planetmedia.de\/imcmedia\/wp-json\/wp\/v2\/pages"}],"about":[{"href":"https:\/\/www.planetmedia.de\/imcmedia\/wp-json\/wp\/v2\/types\/page"}],"author":[{"embeddable":true,"href":"https:\/\/www.planetmedia.de\/imcmedia\/wp-json\/wp\/v2\/users\/1"}],"replies":[{"embeddable":true,"href":"https:\/\/www.planetmedia.de\/imcmedia\/wp-json\/wp\/v2\/comments?post=11"}],"version-history":[{"count":15,"href":"https:\/\/www.planetmedia.de\/imcmedia\/wp-json\/wp\/v2\/pages\/11\/revisions"}],"predecessor-version":[{"id":638,"href":"https:\/\/www.planetmedia.de\/imcmedia\/wp-json\/wp\/v2\/pages\/11\/revisions\/638"}],"up":[{"embeddable":true,"href":"https:\/\/www.planetmedia.de\/imcmedia\/wp-json\/wp\/v2\/pages\/274"}],"wp:attachment":[{"href":"https:\/\/www.planetmedia.de\/imcmedia\/wp-json\/wp\/v2\/media?parent=11"}],"curies":[{"name":"wp","href":"https:\/\/api.w.org\/{rel}","templated":true}]}}