{"id":270,"date":"2015-04-04T11:08:54","date_gmt":"2015-04-04T09:08:54","guid":{"rendered":"http:\/\/www.planetmedia.de\/imcmedia\/?page_id=270"},"modified":"2016-05-19T18:25:01","modified_gmt":"2016-05-19T16:25:01","slug":"vertragsverwaltung","status":"publish","type":"page","link":"https:\/\/www.planetmedia.de\/imcmedia\/produkte\/vertragsverwaltung\/","title":{"rendered":"Vertragsverwaltung"},"content":{"rendered":"<p>imcConnect ist die Softwarel\u00f6sung f\u00fcr H\u00e4ndler und Firmen die Kundenabos (wie z.B. Mobilfunkvertr\u00e4ge) effizient verwalten m\u00f6chten.<\/p>\n<p>Mit imcConnect erfassen Sie Ihre Kunden mit dem abgeschlossenen Abonenntenvertrag in einer SQL-Datenbank. Alle wichtigen Daten wie Kundennummer, Vertragsnummer, Vertragslaufzeit, Pr\u00e4mien, Serien- oder IMEI-Nummer der ausgegebenen Ger\u00e4te sowie den Vertragsstatus haben Sie somit schnell im Blick.<\/p>\n<p>\u00dcber die eingebaut E-Mail Funktion k\u00f6nnen Sie zudem den Kunden \u00fcber den aktuellen Bearbeitungsstatus informieren. In der Statistik sehen Sie die Anzahl der abgeschlossenen Vertr\u00e4ge im Monats- und Jahresvergleich. Und in der Druckfunktion k\u00f6nnen Sie die abgeschlossenen Vertr\u00e4ge \u00fcber einem beliebigen Zeitraum ausdrucken und mit den Provisionslisten Ihrer Provider abgleichen.<\/p>\n<p>imcConnect l\u00e4uft unter Windows und Mac OS X. Spezielle Anpassungen an Ihre Bed\u00fcrfnisse sind m\u00f6glich.<\/p>\n<p><a href=\"http:\/\/www.planetmedia.de\/imcmedia\/wp-content\/uploads\/sites\/2\/2015\/05\/imcConnect.png\"><img decoding=\"async\" loading=\"lazy\" class=\"aligncenter wp-image-343 size-full\" src=\"http:\/\/www.planetmedia.de\/imcmedia\/wp-content\/uploads\/sites\/2\/2015\/05\/imcConnect.png\" alt=\"imcConnect\" width=\"973\" height=\"878\" srcset=\"https:\/\/www.planetmedia.de\/imcmedia\/wp-content\/uploads\/sites\/2\/2015\/05\/imcConnect.png 973w, https:\/\/www.planetmedia.de\/imcmedia\/wp-content\/uploads\/sites\/2\/2015\/05\/imcConnect-300x271.png 300w\" sizes=\"(max-width: 973px) 100vw, 973px\" \/><\/a><\/p>\n","protected":false},"excerpt":{"rendered":"<p>imcConnect ist die Softwarel\u00f6sung f\u00fcr H\u00e4ndler und Firmen die Kundenabos (wie z.B. Mobilfunkvertr\u00e4ge) effizient verwalten m\u00f6chten. Mit imcConnect erfassen Sie Ihre Kunden mit dem abgeschlossenen Abonenntenvertrag in einer SQL-Datenbank. Alle wichtigen Daten wie Kundennummer, Vertragsnummer, Vertragslaufzeit, Pr\u00e4mien, Serien- oder IMEI-Nummer der ausgegebenen Ger\u00e4te sowie den Vertragsstatus haben Sie somit schnell im Blick. \u00dcber die eingebaut [&hellip;]<\/p>\n","protected":false},"author":1,"featured_media":0,"parent":10,"menu_order":0,"comment_status":"closed","ping_status":"open","template":"page-fullwidth.php","meta":[],"_links":{"self":[{"href":"https:\/\/www.planetmedia.de\/imcmedia\/wp-json\/wp\/v2\/pages\/270"}],"collection":[{"href":"https:\/\/www.planetmedia.de\/imcmedia\/wp-json\/wp\/v2\/pages"}],"about":[{"href":"https:\/\/www.planetmedia.de\/imcmedia\/wp-json\/wp\/v2\/types\/page"}],"author":[{"embeddable":true,"href":"https:\/\/www.planetmedia.de\/imcmedia\/wp-json\/wp\/v2\/users\/1"}],"replies":[{"embeddable":true,"href":"https:\/\/www.planetmedia.de\/imcmedia\/wp-json\/wp\/v2\/comments?post=270"}],"version-history":[{"count":7,"href":"https:\/\/www.planetmedia.de\/imcmedia\/wp-json\/wp\/v2\/pages\/270\/revisions"}],"predecessor-version":[{"id":365,"href":"https:\/\/www.planetmedia.de\/imcmedia\/wp-json\/wp\/v2\/pages\/270\/revisions\/365"}],"up":[{"embeddable":true,"href":"https:\/\/www.planetmedia.de\/imcmedia\/wp-json\/wp\/v2\/pages\/10"}],"wp:attachment":[{"href":"https:\/\/www.planetmedia.de\/imcmedia\/wp-json\/wp\/v2\/media?parent=270"}],"curies":[{"name":"wp","href":"https:\/\/api.w.org\/{rel}","templated":true}]}}