{"id":330,"date":"2015-05-29T15:15:49","date_gmt":"2015-05-29T13:15:49","guid":{"rendered":"http:\/\/www.imcmedia.de\/?page_id=330"},"modified":"2016-05-19T18:24:29","modified_gmt":"2016-05-19T16:24:29","slug":"kassenbuch","status":"publish","type":"page","link":"https:\/\/www.planetmedia.de\/imcmedia\/produkte\/kassenbuch\/","title":{"rendered":"Kassenbuch"},"content":{"rendered":"<p>Praktisch, schnell und sicher &#8211; imcKassenbuch bietet eine einfache Einnahmen und Ausgaben Verwaltung f\u00fcr Selbstst\u00e4ndige, Gewerbetreibende, Freiberufler, Unternehmen &amp; Betriebe.<\/p>\n<p>Endlich klarer Durchblick und alles im Griff! Mit imcKassenbuch haben Sie die Kontrolle \u00fcber Ihre Betriebskasse.<\/p>\n<p><a href=\"http:\/\/www.planetmedia.de\/imcmedia\/wp-content\/uploads\/sites\/2\/2015\/05\/imcKassenbuch_win8.png\"><img decoding=\"async\" loading=\"lazy\" class=\"aligncenter size-full wp-image-334\" src=\"http:\/\/www.planetmedia.de\/imcmedia\/wp-content\/uploads\/sites\/2\/2015\/05\/imcKassenbuch_win8.png\" alt=\"imcKassenbuch_win8\" width=\"1022\" height=\"726\" srcset=\"https:\/\/www.planetmedia.de\/imcmedia\/wp-content\/uploads\/sites\/2\/2015\/05\/imcKassenbuch_win8.png 1022w, https:\/\/www.planetmedia.de\/imcmedia\/wp-content\/uploads\/sites\/2\/2015\/05\/imcKassenbuch_win8-300x213.png 300w\" sizes=\"(max-width: 1022px) 100vw, 1022px\" \/><\/a><\/p>\n<ul>\n<li>imcKassenbuch ist \u00fcbersichtlich und schnell.<\/li>\n<li>Direkterfassung ohne umst\u00e4ndliche Auswahl.<\/li>\n<li>Alle Buchungen werden sicher in einer leistungsf\u00e4higen SQL-Datenbank gespeichert.<\/li>\n<li>Das Programm konzentriert sich auf\u00a0das wesentliche, das schnelle erfassen Ihrer Einnahmen und Ausgaben.<\/li>\n<li>Automatische\u00a0Ermittlung des Kassenbestands mit automatischer Fortschreibung.<\/li>\n<li>Drucken Sie Ihr Kassenbuch als Jahres- oder Monatsbericht.<\/li>\n<li>Mit einfachen SKR-03 und SKR-04 Kontenrahmen, diese lassen sich einfach \u00e4ndern und neue Konten hinzuf\u00fcgen.<\/li>\n<li>Export aller Buchungen nach Excel oder Lexware Buchhalter.<\/li>\n<li>Mit imcKassenbuch haben Sie die Kontrolle \u00fcber alle Einnahmen und Ausgaben.<\/li>\n<li>Einmal Kaufen und beliebig lange benutzen (kein Mietmodell).<\/li>\n<li>Das Programm gibt es als Windows und Mac OS X Version.<\/li>\n<\/ul>\n<p>Erst testen, dann Kaufen. Hier k\u00f6nnen Sie die Software zum testen herunter laden:<\/p>\n<p>Download f\u00fcr Windows: <a href=\"https:\/\/www.planetmedia.de\/imcmedia\/?ddownload=336\" title=\"imcKassenbuch.zip\" rel=\"nofollow\" class=\"ddownload-link id-336 ext-zip\">imcKassenbuch.zip<\/a> 8,0 MB<\/p>\n<p>Download f\u00fcr Mac OS X: <a href=\"https:\/\/www.planetmedia.de\/imcmedia\/?ddownload=348\" title=\"macKassenbuch.zip\" rel=\"nofollow\" class=\"ddownload-link id-348 ext-zip\">macKassenbuch.zip<\/a> 3,4 MB<\/p>\n<p>&nbsp;<\/p>\n","protected":false},"excerpt":{"rendered":"<p>Praktisch, schnell und sicher &#8211; imcKassenbuch bietet eine einfache Einnahmen und Ausgaben Verwaltung f\u00fcr Selbstst\u00e4ndige, Gewerbetreibende, Freiberufler, Unternehmen &amp; Betriebe. Endlich klarer Durchblick und alles im Griff! Mit imcKassenbuch haben Sie die Kontrolle \u00fcber Ihre Betriebskasse. imcKassenbuch ist \u00fcbersichtlich und schnell. Direkterfassung ohne umst\u00e4ndliche Auswahl. Alle Buchungen werden sicher in einer leistungsf\u00e4higen SQL-Datenbank gespeichert. Das [&hellip;]<\/p>\n","protected":false},"author":1,"featured_media":0,"parent":10,"menu_order":0,"comment_status":"closed","ping_status":"open","template":"page-fullwidth.php","meta":[],"_links":{"self":[{"href":"https:\/\/www.planetmedia.de\/imcmedia\/wp-json\/wp\/v2\/pages\/330"}],"collection":[{"href":"https:\/\/www.planetmedia.de\/imcmedia\/wp-json\/wp\/v2\/pages"}],"about":[{"href":"https:\/\/www.planetmedia.de\/imcmedia\/wp-json\/wp\/v2\/types\/page"}],"author":[{"embeddable":true,"href":"https:\/\/www.planetmedia.de\/imcmedia\/wp-json\/wp\/v2\/users\/1"}],"replies":[{"embeddable":true,"href":"https:\/\/www.planetmedia.de\/imcmedia\/wp-json\/wp\/v2\/comments?post=330"}],"version-history":[{"count":8,"href":"https:\/\/www.planetmedia.de\/imcmedia\/wp-json\/wp\/v2\/pages\/330\/revisions"}],"predecessor-version":[{"id":351,"href":"https:\/\/www.planetmedia.de\/imcmedia\/wp-json\/wp\/v2\/pages\/330\/revisions\/351"}],"up":[{"embeddable":true,"href":"https:\/\/www.planetmedia.de\/imcmedia\/wp-json\/wp\/v2\/pages\/10"}],"wp:attachment":[{"href":"https:\/\/www.planetmedia.de\/imcmedia\/wp-json\/wp\/v2\/media?parent=330"}],"curies":[{"name":"wp","href":"https:\/\/api.w.org\/{rel}","templated":true}]}}